{"id":15,"date":"2024-04-24T03:23:38","date_gmt":"2024-04-24T00:23:38","guid":{"rendered":"https:\/\/aviator-kz.net\/?page_id=15"},"modified":"2024-04-25T15:04:25","modified_gmt":"2024-04-25T12:04:25","slug":"the-registration-process-in-the-online-casino-for-playing-aviator","status":"publish","type":"page","link":"https:\/\/aviator-kz.net\/pt\/the-registration-process-in-the-online-casino-for-playing-aviator\/","title":{"rendered":"O processo de registro no cassino online para jogar Aviator"},"content":{"rendered":"<p>O processo de registro em um cassino online geralmente consiste em v\u00e1rios passos:<\/p>\n<ol>\n<li>Escolha um cassino: Primeiro, voc\u00ea precisa selecionar um cassino confi\u00e1vel e verificado, considerando as recomenda\u00e7\u00f5es para verificar a autoridade do cassino que mencionamos anteriormente.<\/li>\n<li>Registrar: Encontre o bot\u00e3o Registrar ou Criar Conta no site do cassino e clique nele. Forne\u00e7a as informa\u00e7\u00f5es necess\u00e1rias para o registro, como e-mail, senha, nome, data de nascimento, etc.<\/li>\n<li>Confirmar registro: Ap\u00f3s preencher as informa\u00e7\u00f5es necess\u00e1rias, voc\u00ea pode receber um e-mail no endere\u00e7o de e-mail fornecido, pedindo para confirmar seu registro.<\/li>\n<li>Fazer um dep\u00f3sito: Ap\u00f3s o registro bem-sucedido e a confirma\u00e7\u00e3o, voc\u00ea pode fazer um dep\u00f3sito em sua conta no cassino. Normalmente, h\u00e1 uma se\u00e7\u00e3o de Caixa ou Dep\u00f3sito no site do cassino.<\/li>\n<li>Come\u00e7ar a jogar: Depois de fazer um dep\u00f3sito, voc\u00ea est\u00e1 pronto para come\u00e7ar a jogar. Escolha um jogo entre os jogos de cassino fornecidos e aproveite a emo\u00e7\u00e3o!<\/li>\n<\/ol>\n<p>Lembre-se, ao se registrar, \u00e9 importante seguir as regras e regulamentos do cassino e n\u00e3o usar m\u00e9todos fraudulentos para burlar o sistema de seguran\u00e7a do cassino.<\/p>\n<h2><strong>O que \u00e9 necess\u00e1rio para o registro no cassino<\/strong><\/h2>\n<p>Para se registrar em um cassino, voc\u00ea geralmente precisa das seguintes informa\u00e7\u00f5es:<\/p>\n<ul>\n<li>E-mail<\/li>\n<\/ul>\n<p>Fornecido para criar uma conta e se comunicar com o cassino.<\/p>\n<ul>\n<li>Senha<\/li>\n<\/ul>\n<p>Necess\u00e1ria para acesso seguro \u00e0 sua conta.<\/p>\n<ul>\n<li>Detalhes pessoais<\/li>\n<\/ul>\n<p>Incluem seu nome completo, data de nascimento, endere\u00e7o e n\u00famero de telefone.<\/p>\n<ul>\n<li>Detalhes do passaporte<\/li>\n<\/ul>\n<p>Alguns cassinos podem pedir que voc\u00ea forne\u00e7a uma digitaliza\u00e7\u00e3o ou foto do seu passaporte para confirmar sua identidade.<\/p>\n<ul>\n<li>M\u00e9todo de pagamento<\/li>\n<\/ul>\n<p>Escolha um m\u00e9todo conveniente para depositar e sacar fundos, como cart\u00f5es de cr\u00e9dito, carteiras eletr\u00f4nicas ou transfer\u00eancias banc\u00e1rias.<\/p>\n<ul>\n<li>Verifica\u00e7\u00e3o de e-mail<\/li>\n<\/ul>\n<p>Voc\u00ea pode precisar confirmar seu endere\u00e7o de e-mail clicando em um link no e-mail enviado a voc\u00ea ap\u00f3s o registro.<\/p>\n<p>Certifique-se de fornecer informa\u00e7\u00f5es precisas durante o registro, pois elas ser\u00e3o necess\u00e1rias para confirmar sua conta e realizar transa\u00e7\u00f5es financeiras no futuro. Lembre-se de aderir \u00e0s regras e termos do cassino durante o registro e enquanto joga.<\/p>\n","protected":false},"excerpt":{"rendered":"<p>O processo de registro em um cassino online geralmente consiste em v\u00e1rios passos: Escolha um cassino: Primeiro, voc\u00ea precisa selecionar um cassino confi\u00e1vel e verificado, considerando as recomenda\u00e7\u00f5es para verificar a autoridade do cassino que mencionamos anteriormente. Registrar: Encontre o bot\u00e3o Registrar ou Criar Conta no site do cassino e clique nele. Forne\u00e7a as informa\u00e7\u00f5es&hellip; <\/p>\n<div class=\"readmore-wrapper\"><a href=\"https:\/\/aviator-kz.net\/pt\/the-registration-process-in-the-online-casino-for-playing-aviator\/\" class=\"more-link\">Continue reading <\/a><\/div>\n","protected":false},"author":1,"featured_media":0,"parent":0,"menu_order":0,"comment_status":"closed","ping_status":"closed","template":"","meta":{"footnotes":""},"class_list":["post-15","page","type-page","status-publish","hentry"],"yoast_head":"<!-- This site is optimized with the Yoast SEO plugin v27.2 - https:\/\/yoast.com\/product\/yoast-seo-wordpress\/ -->\n<title>Inscri\u00e7\u00e3o em um cassino online para jogar Aviator<\/title>\n<meta name=\"description\" content=\"Se voc\u00ea est\u00e1 pronto para se registrar em um cassino online para jogar Aviator, preparamos dicas sobre como escolher um cassino e como se registrar.\" \/>\n<meta name=\"robots\" content=\"index, follow, max-snippet:-1, max-image-preview:large, max-video-preview:-1\" \/>\n<link rel=\"canonical\" href=\"https:\/\/aviator-kz.net\/pt\/the-registration-process-in-the-online-casino-for-playing-aviator\/\" \/>\n<meta property=\"og:locale\" content=\"pt_PT\" \/>\n<meta property=\"og:locale:alternate\" content=\"ru_RU\" \/>\n<meta property=\"og:locale:alternate\" content=\"en_US\" \/>\n<meta property=\"og:locale:alternate\" content=\"es_ES\" \/>\n<meta property=\"og:locale:alternate\" content=\"de_DE\" \/>\n<meta property=\"og:locale:alternate\" content=\"it_IT\" \/>\n<meta property=\"og:locale:alternate\" content=\"kk\" \/>\n<meta property=\"og:locale:alternate\" content=\"uz_UZ\" \/>\n<meta property=\"og:type\" content=\"article\" \/>\n<meta property=\"og:title\" content=\"Inscri\u00e7\u00e3o em um cassino online para jogar Aviator\" \/>\n<meta property=\"og:description\" content=\"Se voc\u00ea est\u00e1 pronto para se registrar em um cassino online para jogar Aviator, preparamos dicas sobre como escolher um cassino e como se registrar.\" \/>\n<meta property=\"og:url\" content=\"https:\/\/aviator-kz.net\/pt\/the-registration-process-in-the-online-casino-for-playing-aviator\/\" \/>\n<meta property=\"og:site_name\" content=\"Aviator Game\" \/>\n<meta property=\"article:modified_time\" content=\"2024-04-25T12:04:25+00:00\" \/>\n<meta name=\"twitter:card\" content=\"summary_large_image\" \/>\n<meta name=\"twitter:label1\" content=\"Tempo estimado de leitura\" \/>\n\t<meta name=\"twitter:data1\" content=\"2 minutos\" \/>\n<script type=\"application\/ld+json\" class=\"yoast-schema-graph\">{\"@context\":\"https:\/\/schema.org\",\"@graph\":[{\"@type\":\"WebPage\",\"@id\":\"https:\/\/aviator-kz.net\/uz\/the-registration-process-in-the-online-casino-for-playing-aviator\/\",\"url\":\"https:\/\/aviator-kz.net\/uz\/the-registration-process-in-the-online-casino-for-playing-aviator\/\",\"name\":\"Inscri\u00e7\u00e3o em um cassino online para jogar Aviator\",\"isPartOf\":{\"@id\":\"https:\/\/aviator-kz.net\/#website\"},\"datePublished\":\"2024-04-24T00:23:38+00:00\",\"dateModified\":\"2024-04-25T12:04:25+00:00\",\"description\":\"Se voc\u00ea est\u00e1 pronto para se registrar em um cassino online para jogar Aviator, preparamos dicas sobre como escolher um cassino e como se registrar.\",\"breadcrumb\":{\"@id\":\"https:\/\/aviator-kz.net\/uz\/the-registration-process-in-the-online-casino-for-playing-aviator\/#breadcrumb\"},\"inLanguage\":\"pt-PT\",\"potentialAction\":[{\"@type\":\"ReadAction\",\"target\":[\"https:\/\/aviator-kz.net\/uz\/the-registration-process-in-the-online-casino-for-playing-aviator\/\"]}]},{\"@type\":\"BreadcrumbList\",\"@id\":\"https:\/\/aviator-kz.net\/uz\/the-registration-process-in-the-online-casino-for-playing-aviator\/#breadcrumb\",\"itemListElement\":[{\"@type\":\"ListItem\",\"position\":1,\"name\":\"\u0413\u043b\u0430\u0432\u043d\u0430\u044f \u0441\u0442\u0440\u0430\u043d\u0438\u0446\u0430\",\"item\":\"https:\/\/aviator-kz.net\/uz\/\"},{\"@type\":\"ListItem\",\"position\":2,\"name\":\"Aviator o&#8217;yini uchun onlayn kazinoda ro&#8217;yxatdan o&#8217;tish jarayoni\"}]},{\"@type\":\"WebSite\",\"@id\":\"https:\/\/aviator-kz.net\/#website\",\"url\":\"https:\/\/aviator-kz.net\/\",\"name\":\"Aviator Game\",\"description\":\"\",\"publisher\":{\"@id\":\"https:\/\/aviator-kz.net\/#organization\"},\"potentialAction\":[{\"@type\":\"SearchAction\",\"target\":{\"@type\":\"EntryPoint\",\"urlTemplate\":\"https:\/\/aviator-kz.net\/?s={search_term_string}\"},\"query-input\":{\"@type\":\"PropertyValueSpecification\",\"valueRequired\":true,\"valueName\":\"search_term_string\"}}],\"inLanguage\":\"pt-PT\"},{\"@type\":\"Organization\",\"@id\":\"https:\/\/aviator-kz.net\/#organization\",\"name\":\"Aviator Game\",\"url\":\"https:\/\/aviator-kz.net\/\",\"logo\":{\"@type\":\"ImageObject\",\"inLanguage\":\"pt-PT\",\"@id\":\"https:\/\/aviator-kz.net\/#\/schema\/logo\/image\/\",\"url\":\"https:\/\/aviator-kz.net\/wp-content\/uploads\/aviator-logo.webp\",\"contentUrl\":\"https:\/\/aviator-kz.net\/wp-content\/uploads\/aviator-logo.webp\",\"width\":300,\"height\":264,\"caption\":\"Aviator Game\"},\"image\":{\"@id\":\"https:\/\/aviator-kz.net\/#\/schema\/logo\/image\/\"}}]}<\/script>\n<!-- \/ Yoast SEO plugin. -->","yoast_head_json":{"title":"Inscri\u00e7\u00e3o em um cassino online para jogar Aviator","description":"Se voc\u00ea est\u00e1 pronto para se registrar em um cassino online para jogar Aviator, preparamos dicas sobre como escolher um cassino e como se registrar.","robots":{"index":"index","follow":"follow","max-snippet":"max-snippet:-1","max-image-preview":"max-image-preview:large","max-video-preview":"max-video-preview:-1"},"canonical":"https:\/\/aviator-kz.net\/pt\/the-registration-process-in-the-online-casino-for-playing-aviator\/","og_locale":"pt_PT","og_type":"article","og_title":"[:ru]\u0420\u0435\u0433\u0438\u0441\u0442\u0440\u0430\u0446\u0438\u044f \u0432 \u043e\u043d\u043b\u0430\u0439\u043d \u043a\u0430\u0437\u0438\u043d\u043e \u0434\u043b\u044f \u0438\u0433\u0440\u044b \u0432 \u0410\u0432\u0438\u0430\u0442\u043e\u0440[:en]Registration in an online casino for playing Aviator[:pt]Inscri\u00e7\u00e3o em um cassino online para jogar Aviator[:es]Registro en un casino en l\u00ednea para jugar Aviator[:de]Registrierung in einem Online-Casino f\u00fcr das Spielen von Aviator[:it]Registrazione in un casin\u00f2 online per giocare ad Aviator[:kk]\u0410\u0432\u0438\u0430\u0442\u043e\u0440 \u043e\u0439\u044b\u043d\u0434\u0430\u0443 \u04af\u0448\u0456\u043d \u043e\u043d\u043b\u0430\u0439\u043d \u043a\u0430\u0437\u0438\u043d\u043e\u0493\u0430 \u0442\u0456\u0440\u043a\u0435\u043b\u0443[:uz]Aviator oyini uchun onlayn kazino'ga ro'yxatdan o'tish[:]","og_description":"[:ru]\u0415\u0441\u043b\u0438 \u0432\u044b \u0433\u043e\u0442\u043e\u0432\u044b \u043f\u0440\u043e\u0439\u0442\u0438 \u0440\u0435\u0433\u0438\u0441\u0442\u0440\u0430\u0446\u0438\u044e \u0432 \u043e\u043d\u043b\u0430\u0439\u043d \u043a\u0430\u0437\u0438\u043d\u043e \u0434\u043b\u044f \u0438\u0433\u0440\u044b \u0432 \u0410\u0432\u0438\u0430\u0442\u043e\u0440, \u0442\u043e \u043c\u044b \u043f\u043e\u0434\u0433\u043e\u0442\u043e\u0432\u0438\u043b\u0438 \u0441\u043e\u0432\u0435\u0442\u044b \u043a\u0430\u043a \u0432\u044b\u0431\u0440\u0430\u0442\u044c \u043a\u0430\u0437\u0438\u043d\u043e \u0438 \u043a\u0430\u043a \u0437\u0430\u0440\u0435\u0433\u0438\u0441\u0442\u0440\u0438\u0440\u043e\u0432\u0430\u0442\u044c\u0441\u044f[:en]If you're ready to register at an online casino to play Aviator, we've prepared tips on how to choose a casino and how to register.[:pt]Se voc\u00ea est\u00e1 pronto para se registrar em um cassino online para jogar Aviator, preparamos dicas sobre como escolher um cassino e como se registrar.[:es]Si est\u00e1s listo para registrarte en un casino en l\u00ednea para jugar Aviator, hemos preparado consejos sobre c\u00f3mo elegir un casino y c\u00f3mo registrarse.[:de]Wenn Sie bereit sind, sich in einem Online-Casino f\u00fcr das Spielen von Aviator zu registrieren, haben wir Tipps zur Auswahl eines Casinos und zur Registrierung f\u00fcr Sie vorbereitet.[:it]Se sei pronto a registrarti in un casin\u00f2 online per giocare ad Aviator, abbiamo preparato dei consigli su come scegliere un casin\u00f2 e come registrarsi.[:kk]\u0415\u0433\u0435\u0440 \u0441\u0456\u0437 \u0410\u0432\u0438\u0430\u0442\u043e\u0440 \u043e\u0439\u044b\u043d\u0434\u0430\u0440\u044b\u043d \u043e\u0439\u043d\u0430\u0443 \u04af\u0448\u0456\u043d \u043e\u043d\u043b\u0430\u0439\u043d \u043a\u0430\u0437\u0438\u043d\u043e\u0493\u0430 \u0442\u0456\u0440\u043a\u0435\u043b\u0443\u0433\u0435 \u0434\u0430\u0439\u044b\u043d \u0431\u043e\u043b\u0441\u0430\u04a3\u044b\u0437, \u0431\u0456\u0437 \u0441\u0456\u0437\u0433\u0435 \u043a\u0430\u0437\u0438\u043d\u043e \u0442\u0430\u04a3\u0434\u0430\u0443 \u0436\u04d9\u043d\u0435 \u0442\u0456\u0440\u043a\u0435\u043b\u0443 \u0442\u0443\u0440\u0430\u043b\u044b \u043a\u0435\u04a3\u0435\u0441 \u0431\u0435\u0440\u0434\u0456\u043a.[:uz]Agar siz Aviator oyinini o'ynash uchun onlayn kazino'ga ro'yxatdan o'tishga tayyorsiz bo'lsangiz, biz sizga kazino tanlash va ro'yxatdan o'tish haqida maslahatlar tayyorladik.[:]","og_url":"https:\/\/aviator-kz.net\/pt\/the-registration-process-in-the-online-casino-for-playing-aviator\/","og_site_name":"Aviator Game","article_modified_time":"2024-04-25T12:04:25+00:00","twitter_card":"summary_large_image","twitter_misc":{"Tempo estimado de leitura":"2 minutos"},"schema":{"@context":"https:\/\/schema.org","@graph":[{"@type":"WebPage","@id":"https:\/\/aviator-kz.net\/uz\/the-registration-process-in-the-online-casino-for-playing-aviator\/","url":"https:\/\/aviator-kz.net\/uz\/the-registration-process-in-the-online-casino-for-playing-aviator\/","name":"Inscri\u00e7\u00e3o em um cassino online para jogar Aviator","isPartOf":{"@id":"https:\/\/aviator-kz.net\/#website"},"datePublished":"2024-04-24T00:23:38+00:00","dateModified":"2024-04-25T12:04:25+00:00","description":"Se voc\u00ea est\u00e1 pronto para se registrar em um cassino online para jogar Aviator, preparamos dicas sobre como escolher um cassino e como se registrar.","breadcrumb":{"@id":"https:\/\/aviator-kz.net\/uz\/the-registration-process-in-the-online-casino-for-playing-aviator\/#breadcrumb"},"inLanguage":"pt-PT","potentialAction":[{"@type":"ReadAction","target":["https:\/\/aviator-kz.net\/uz\/the-registration-process-in-the-online-casino-for-playing-aviator\/"]}]},{"@type":"BreadcrumbList","@id":"https:\/\/aviator-kz.net\/uz\/the-registration-process-in-the-online-casino-for-playing-aviator\/#breadcrumb","itemListElement":[{"@type":"ListItem","position":1,"name":"\u0413\u043b\u0430\u0432\u043d\u0430\u044f \u0441\u0442\u0440\u0430\u043d\u0438\u0446\u0430","item":"https:\/\/aviator-kz.net\/uz\/"},{"@type":"ListItem","position":2,"name":"Aviator o&#8217;yini uchun onlayn kazinoda ro&#8217;yxatdan o&#8217;tish jarayoni"}]},{"@type":"WebSite","@id":"https:\/\/aviator-kz.net\/#website","url":"https:\/\/aviator-kz.net\/","name":"Aviator Game","description":"","publisher":{"@id":"https:\/\/aviator-kz.net\/#organization"},"potentialAction":[{"@type":"SearchAction","target":{"@type":"EntryPoint","urlTemplate":"https:\/\/aviator-kz.net\/?s={search_term_string}"},"query-input":{"@type":"PropertyValueSpecification","valueRequired":true,"valueName":"search_term_string"}}],"inLanguage":"pt-PT"},{"@type":"Organization","@id":"https:\/\/aviator-kz.net\/#organization","name":"Aviator Game","url":"https:\/\/aviator-kz.net\/","logo":{"@type":"ImageObject","inLanguage":"pt-PT","@id":"https:\/\/aviator-kz.net\/#\/schema\/logo\/image\/","url":"https:\/\/aviator-kz.net\/wp-content\/uploads\/aviator-logo.webp","contentUrl":"https:\/\/aviator-kz.net\/wp-content\/uploads\/aviator-logo.webp","width":300,"height":264,"caption":"Aviator Game"},"image":{"@id":"https:\/\/aviator-kz.net\/#\/schema\/logo\/image\/"}}]}},"_links":{"self":[{"href":"https:\/\/aviator-kz.net\/pt\/wp-json\/wp\/v2\/pages\/15","targetHints":{"allow":["GET"]}}],"collection":[{"href":"https:\/\/aviator-kz.net\/pt\/wp-json\/wp\/v2\/pages"}],"about":[{"href":"https:\/\/aviator-kz.net\/pt\/wp-json\/wp\/v2\/types\/page"}],"author":[{"embeddable":true,"href":"https:\/\/aviator-kz.net\/pt\/wp-json\/wp\/v2\/users\/1"}],"replies":[{"embeddable":true,"href":"https:\/\/aviator-kz.net\/pt\/wp-json\/wp\/v2\/comments?post=15"}],"version-history":[{"count":16,"href":"https:\/\/aviator-kz.net\/pt\/wp-json\/wp\/v2\/pages\/15\/revisions"}],"predecessor-version":[{"id":118,"href":"https:\/\/aviator-kz.net\/pt\/wp-json\/wp\/v2\/pages\/15\/revisions\/118"}],"wp:attachment":[{"href":"https:\/\/aviator-kz.net\/pt\/wp-json\/wp\/v2\/media?parent=15"}],"curies":[{"name":"wp","href":"https:\/\/api.w.org\/{rel}","templated":true}]}}