{"id":9,"date":"2024-04-23T21:11:11","date_gmt":"2024-04-23T18:11:11","guid":{"rendered":"https:\/\/aviator-kz.net\/?page_id=9"},"modified":"2024-04-25T14:55:59","modified_gmt":"2024-04-25T11:55:59","slug":"what-bonuses-does-the-casino-offer-for-playing-aviator","status":"publish","type":"page","link":"https:\/\/aviator-kz.net\/es\/what-bonuses-does-the-casino-offer-for-playing-aviator\/","title":{"rendered":"\u00bfQu\u00e9 bonos ofrece el casino para jugar Aviator?"},"content":{"rendered":"<p>Here&#8217;s the translation of your text into Spanish:<\/p>\n<p>La mayor\u00eda de los casinos en l\u00ednea ofrecen a los usuarios los siguientes bonos que se pueden utilizar mientras se juega a Aviator:<\/p>\n<ol>\n<li><strong>Bono de Bienvenida:<\/strong> Normalmente se ofrece a los nuevos jugadores al registrarse o al hacer el primer dep\u00f3sito. Puede incluir tiradas gratuitas, dinero extra en la cuenta, etc. El bono espec\u00edfico depende del casino en l\u00ednea, as\u00ed que verifique al registrarse en el sitio web del casino.<\/li>\n<li><strong>Bono de Dep\u00f3sito:<\/strong> Bonos otorgados a los jugadores al depositar una cierta cantidad en su cuenta. Suele expresarse como un porcentaje del monto del dep\u00f3sito o una suma fija. Normalmente, dicho bono se otorga para varios dep\u00f3sitos iniciales.<\/li>\n<li><strong>Tiradas Gratis:<\/strong> Un bono proporcionado a los jugadores para jugar en tragamonedas espec\u00edficas sin necesidad de hacer apuestas. Esto normalmente no se aplica a Aviator ya que Aviator no tiene tiradas gratis, pero puede ser interesante al jugar en otras tragamonedas.<\/li>\n<li><strong>Cashback:<\/strong> Devoluci\u00f3n de un porcentaje del dinero perdido por el jugador en forma de bono. Perder siempre es triste, pero si recuperas parte del dinero perdido, no es tan desalentador cuando pierdes en Aviator.<\/li>\n<li><strong>Torneos y Promociones:<\/strong> Los casinos pueden realizar diversos torneos, loter\u00edas, promociones y otros eventos, ofreciendo a los jugadores oportunidades para ganar premios y bonos. Mantente actualizado.<\/li>\n<li><strong>Programa de Lealtad:<\/strong> Los casinos pueden ofrecer a los jugadores bonos basados en su actividad y frecuencia de juego, como bonos por cada apuesta o nivel de lealtad.<\/li>\n<\/ol>\n<h2><strong>\u00bfPor qu\u00e9 usar bonos de casino al jugar a Aviator?<\/strong><\/h2>\n<p>Usar bonos de casino puede ofrecer a los jugadores las siguientes ventajas:<\/p>\n<ol>\n<li><strong>Oportunidades Adicionales de Ganar:<\/strong> Los bonos de casino, como las tiradas gratis o los bonos de bienvenida, permiten a los jugadores obtener oportunidades adicionales para ganar.<\/li>\n<li><strong>Aumentar el Banroll:<\/strong> Obtener bonos de dep\u00f3sito u otras promociones permite a los jugadores aumentar su banroll y tener una suma m\u00e1s grande para las apuestas.<\/li>\n<li><strong>Motivaci\u00f3n para Jugar:<\/strong> Los bonos pueden ser una buena motivaci\u00f3n para que los jugadores contin\u00faen jugando y fomenten su actividad en el casino.<\/li>\n<li><strong>Ahorrar Dinero:<\/strong> Obtener cashback u otros bonos de casino ayuda a los jugadores a recuperar parcialmente el dinero perdido y ahorrar sus fondos.<\/li>\n<\/ol>\n<p>Usar bonos de casino hace que el juego sea m\u00e1s interesante, diverso y rentable para los jugadores.<\/p>\n","protected":false},"excerpt":{"rendered":"<p>Here&#8217;s the translation of your text into Spanish: La mayor\u00eda de los casinos en l\u00ednea ofrecen a los usuarios los siguientes bonos que se pueden utilizar mientras se juega a Aviator: Bono de Bienvenida: Normalmente se ofrece a los nuevos jugadores al registrarse o al hacer el primer dep\u00f3sito. Puede incluir tiradas gratuitas, dinero extra&hellip; <\/p>\n<div class=\"readmore-wrapper\"><a href=\"https:\/\/aviator-kz.net\/es\/what-bonuses-does-the-casino-offer-for-playing-aviator\/\" class=\"more-link\">Continue reading <\/a><\/div>\n","protected":false},"author":1,"featured_media":0,"parent":0,"menu_order":0,"comment_status":"closed","ping_status":"closed","template":"","meta":{"footnotes":""},"class_list":["post-9","page","type-page","status-publish","hentry"],"yoast_head":"<!-- This site is optimized with the Yoast SEO plugin v27.2 - https:\/\/yoast.com\/product\/yoast-seo-wordpress\/ -->\n<title>Bonos en casinos en l\u00ednea para jugar Aviator<\/title>\n<meta name=\"description\" content=\"Bonos para jugar al tragamonedas Aviator con dinero real en casinos en l\u00ednea. Bono de bienvenida, bono para nuevos jugadores.\" \/>\n<meta name=\"robots\" content=\"index, follow, max-snippet:-1, max-image-preview:large, max-video-preview:-1\" \/>\n<link rel=\"canonical\" href=\"https:\/\/aviator-kz.net\/es\/what-bonuses-does-the-casino-offer-for-playing-aviator\/\" \/>\n<meta property=\"og:locale\" content=\"es_ES\" \/>\n<meta property=\"og:locale:alternate\" content=\"ru_RU\" \/>\n<meta property=\"og:locale:alternate\" content=\"en_US\" \/>\n<meta property=\"og:locale:alternate\" content=\"pt_PT\" \/>\n<meta property=\"og:locale:alternate\" content=\"de_DE\" \/>\n<meta property=\"og:locale:alternate\" content=\"it_IT\" \/>\n<meta property=\"og:locale:alternate\" content=\"kk\" \/>\n<meta property=\"og:locale:alternate\" content=\"uz_UZ\" \/>\n<meta property=\"og:type\" content=\"article\" \/>\n<meta property=\"og:title\" content=\"Bonos en casinos en l\u00ednea para jugar Aviator\" \/>\n<meta property=\"og:description\" content=\"Bonos para jugar al tragamonedas Aviator con dinero real en casinos en l\u00ednea. Bono de bienvenida, bono para nuevos jugadores.\" \/>\n<meta property=\"og:url\" content=\"https:\/\/aviator-kz.net\/es\/what-bonuses-does-the-casino-offer-for-playing-aviator\/\" \/>\n<meta property=\"og:site_name\" content=\"Aviator Game\" \/>\n<meta property=\"article:modified_time\" content=\"2024-04-25T11:55:59+00:00\" \/>\n<meta name=\"twitter:card\" content=\"summary_large_image\" \/>\n<meta name=\"twitter:label1\" content=\"Tiempo de lectura\" \/>\n\t<meta name=\"twitter:data1\" content=\"2 minutos\" \/>\n<script type=\"application\/ld+json\" class=\"yoast-schema-graph\">{\"@context\":\"https:\/\/schema.org\",\"@graph\":[{\"@type\":\"WebPage\",\"@id\":\"https:\/\/aviator-kz.net\/uz\/what-bonuses-does-the-casino-offer-for-playing-aviator\/\",\"url\":\"https:\/\/aviator-kz.net\/uz\/what-bonuses-does-the-casino-offer-for-playing-aviator\/\",\"name\":\"Bonos en casinos en l\u00ednea para jugar Aviator\",\"isPartOf\":{\"@id\":\"https:\/\/aviator-kz.net\/#website\"},\"datePublished\":\"2024-04-23T18:11:11+00:00\",\"dateModified\":\"2024-04-25T11:55:59+00:00\",\"description\":\"Bonos para jugar al tragamonedas Aviator con dinero real en casinos en l\u00ednea. Bono de bienvenida, bono para nuevos jugadores.\",\"breadcrumb\":{\"@id\":\"https:\/\/aviator-kz.net\/uz\/what-bonuses-does-the-casino-offer-for-playing-aviator\/#breadcrumb\"},\"inLanguage\":\"es-ES\",\"potentialAction\":[{\"@type\":\"ReadAction\",\"target\":[\"https:\/\/aviator-kz.net\/uz\/what-bonuses-does-the-casino-offer-for-playing-aviator\/\"]}]},{\"@type\":\"BreadcrumbList\",\"@id\":\"https:\/\/aviator-kz.net\/uz\/what-bonuses-does-the-casino-offer-for-playing-aviator\/#breadcrumb\",\"itemListElement\":[{\"@type\":\"ListItem\",\"position\":1,\"name\":\"\u0413\u043b\u0430\u0432\u043d\u0430\u044f \u0441\u0442\u0440\u0430\u043d\u0438\u0446\u0430\",\"item\":\"https:\/\/aviator-kz.net\/uz\/\"},{\"@type\":\"ListItem\",\"position\":2,\"name\":\"Kazinoda Aviator o&#8217;yinini qo&#8217;shgan uchun qanday bonuslar taklif qilinadi?\"}]},{\"@type\":\"WebSite\",\"@id\":\"https:\/\/aviator-kz.net\/#website\",\"url\":\"https:\/\/aviator-kz.net\/\",\"name\":\"Aviator Game\",\"description\":\"\",\"publisher\":{\"@id\":\"https:\/\/aviator-kz.net\/#organization\"},\"potentialAction\":[{\"@type\":\"SearchAction\",\"target\":{\"@type\":\"EntryPoint\",\"urlTemplate\":\"https:\/\/aviator-kz.net\/?s={search_term_string}\"},\"query-input\":{\"@type\":\"PropertyValueSpecification\",\"valueRequired\":true,\"valueName\":\"search_term_string\"}}],\"inLanguage\":\"es-ES\"},{\"@type\":\"Organization\",\"@id\":\"https:\/\/aviator-kz.net\/#organization\",\"name\":\"Aviator Game\",\"url\":\"https:\/\/aviator-kz.net\/\",\"logo\":{\"@type\":\"ImageObject\",\"inLanguage\":\"es-ES\",\"@id\":\"https:\/\/aviator-kz.net\/#\/schema\/logo\/image\/\",\"url\":\"https:\/\/aviator-kz.net\/wp-content\/uploads\/aviator-logo.webp\",\"contentUrl\":\"https:\/\/aviator-kz.net\/wp-content\/uploads\/aviator-logo.webp\",\"width\":300,\"height\":264,\"caption\":\"Aviator Game\"},\"image\":{\"@id\":\"https:\/\/aviator-kz.net\/#\/schema\/logo\/image\/\"}}]}<\/script>\n<!-- \/ Yoast SEO plugin. -->","yoast_head_json":{"title":"Bonos en casinos en l\u00ednea para jugar Aviator","description":"Bonos para jugar al tragamonedas Aviator con dinero real en casinos en l\u00ednea. Bono de bienvenida, bono para nuevos jugadores.","robots":{"index":"index","follow":"follow","max-snippet":"max-snippet:-1","max-image-preview":"max-image-preview:large","max-video-preview":"max-video-preview:-1"},"canonical":"https:\/\/aviator-kz.net\/es\/what-bonuses-does-the-casino-offer-for-playing-aviator\/","og_locale":"es_ES","og_type":"article","og_title":"[:ru]\u0411\u043e\u043d\u0443\u0441\u044b \u0432 \u043e\u043d\u043b\u0430\u0439\u043d \u043a\u0430\u0437\u0438\u043d\u043e \u0434\u043b\u044f \u0438\u0433\u0440\u044b \u0432 \u0410\u0432\u0438\u0430\u0442\u043e\u0440[:en]Bonuses in online casinos for playing Aviator[:pt]B\u00f4nus em cassinos online para jogar Aviator[:es]Bonos en casinos en l\u00ednea para jugar Aviator[:de]Bonit\u00e4ten in Online-Casinos f\u00fcr das Spielen von Aviator[:it]Bonus nei casin\u00f2 online per giocare a Aviator[:kk]\u0410\u0432\u0438\u0430\u0442\u043e\u0440\u0434\u044b \u043e\u0439\u044b\u043d\u0434\u0430\u0440\u0493\u0430 \u049b\u0430\u0440\u0436\u044b\u043c\u0435\u043d \u043e\u0439\u043d\u0430\u0443 \u04af\u0448\u0456\u043d \u043e\u043d\u043b\u0430\u0439\u043d \u043a\u0430\u0437\u0438\u043d\u043e\u043b\u0430\u0440\u0434\u0430\u0493\u044b \u0431\u043e\u043d\u0443\u0441\u0442\u0430\u0440[:uz]Aviator uchun onlayn kazinolarda o'yinlar uchun bonuslar[:]","og_description":"[:ru]\u0411\u043e\u043d\u0443\u0441\u044b \u0434\u043b\u044f \u0438\u0433\u0440\u044b \u0432 \u0441\u043b\u043e\u0442 \u0410\u0432\u0438\u0430\u0442\u043e\u0440 \u0434\u043b\u044f \u0438\u0433\u0440\u044b \u043d\u0430 \u0440\u0435\u0430\u043b\u044c\u043d\u044b\u0435 \u0434\u0435\u043d\u044c\u0433\u0438 \u0432 \u043e\u043d\u043b\u0430\u0439\u043d \u043a\u0430\u0437\u0438\u043d\u043e. \u041f\u0440\u0438\u0432\u0435\u0442\u0441\u0442\u0432\u0435\u043d\u043d\u044b\u0439 \u0431\u043e\u043d\u0443\u0441, \u0431\u043e\u043d\u0443\u0441 \u0434\u043b\u044f \u043d\u043e\u0432\u044b\u0445 \u0438\u0433\u0440\u043e\u043a\u043e\u0432[:en]Bonuses for playing the Aviator slot for real money in online casinos. Welcome bonus, bonus for new players.[:pt]B\u00f4nus para jogar o slot Aviator com dinheiro real em cassinos online. B\u00f4nus de boas-vindas, b\u00f4nus para novos jogadores.[:es]Bonos para jugar al tragamonedas Aviator con dinero real en casinos en l\u00ednea. Bono de bienvenida, bono para nuevos jugadores.[:de]Bonit\u00e4ten f\u00fcr das Spielen des Aviator-Slots um echtes Geld in Online-Casinos. Willkommensbonus, Bonus f\u00fcr neue Spieler.[:it]Bonus per giocare alla slot Aviator con soldi veri nei casin\u00f2 online. Bonus di benvenuto, bonus per nuovi giocatori.[:kk]\u041e\u043d\u043b\u0430\u0439\u043d \u043a\u0430\u0437\u0438\u043d\u043e\u043b\u0430\u0440\u0434\u0430 Aviator \u0441\u043b\u043e\u0442\u044b\u043d\u0430 \u049b\u0430\u0440\u0436\u044b\u043c\u0435\u043d \u043e\u0439\u043d\u0430\u0443 \u04af\u0448\u0456\u043d \u0431\u043e\u043d\u0443\u0441\u0442\u0430\u0440. \u049a\u043e\u0448 \u043a\u0435\u043b\u0434\u0456\u04a3\u0456\u0437 \u0431\u043e\u043d\u0443\u0441\u044b, \u0436\u0430\u04a3\u0430 \u043e\u0439\u044b\u043d\u0448\u044b\u043b\u0430\u0440 \u04af\u0448\u0456\u043d \u0431\u043e\u043d\u0443\u0441.[:uz]Onlayn kazinolarda Aviator sloti uchun haqiqiy pul bilan o'ynash uchun bonuslar. Salomlashuv bonusi, yangi o'yinchilar uchun bonus.[:]","og_url":"https:\/\/aviator-kz.net\/es\/what-bonuses-does-the-casino-offer-for-playing-aviator\/","og_site_name":"Aviator Game","article_modified_time":"2024-04-25T11:55:59+00:00","twitter_card":"summary_large_image","twitter_misc":{"Tiempo de lectura":"2 minutos"},"schema":{"@context":"https:\/\/schema.org","@graph":[{"@type":"WebPage","@id":"https:\/\/aviator-kz.net\/uz\/what-bonuses-does-the-casino-offer-for-playing-aviator\/","url":"https:\/\/aviator-kz.net\/uz\/what-bonuses-does-the-casino-offer-for-playing-aviator\/","name":"Bonos en casinos en l\u00ednea para jugar Aviator","isPartOf":{"@id":"https:\/\/aviator-kz.net\/#website"},"datePublished":"2024-04-23T18:11:11+00:00","dateModified":"2024-04-25T11:55:59+00:00","description":"Bonos para jugar al tragamonedas Aviator con dinero real en casinos en l\u00ednea. Bono de bienvenida, bono para nuevos jugadores.","breadcrumb":{"@id":"https:\/\/aviator-kz.net\/uz\/what-bonuses-does-the-casino-offer-for-playing-aviator\/#breadcrumb"},"inLanguage":"es-ES","potentialAction":[{"@type":"ReadAction","target":["https:\/\/aviator-kz.net\/uz\/what-bonuses-does-the-casino-offer-for-playing-aviator\/"]}]},{"@type":"BreadcrumbList","@id":"https:\/\/aviator-kz.net\/uz\/what-bonuses-does-the-casino-offer-for-playing-aviator\/#breadcrumb","itemListElement":[{"@type":"ListItem","position":1,"name":"\u0413\u043b\u0430\u0432\u043d\u0430\u044f \u0441\u0442\u0440\u0430\u043d\u0438\u0446\u0430","item":"https:\/\/aviator-kz.net\/uz\/"},{"@type":"ListItem","position":2,"name":"Kazinoda Aviator o&#8217;yinini qo&#8217;shgan uchun qanday bonuslar taklif qilinadi?"}]},{"@type":"WebSite","@id":"https:\/\/aviator-kz.net\/#website","url":"https:\/\/aviator-kz.net\/","name":"Aviator Game","description":"","publisher":{"@id":"https:\/\/aviator-kz.net\/#organization"},"potentialAction":[{"@type":"SearchAction","target":{"@type":"EntryPoint","urlTemplate":"https:\/\/aviator-kz.net\/?s={search_term_string}"},"query-input":{"@type":"PropertyValueSpecification","valueRequired":true,"valueName":"search_term_string"}}],"inLanguage":"es-ES"},{"@type":"Organization","@id":"https:\/\/aviator-kz.net\/#organization","name":"Aviator Game","url":"https:\/\/aviator-kz.net\/","logo":{"@type":"ImageObject","inLanguage":"es-ES","@id":"https:\/\/aviator-kz.net\/#\/schema\/logo\/image\/","url":"https:\/\/aviator-kz.net\/wp-content\/uploads\/aviator-logo.webp","contentUrl":"https:\/\/aviator-kz.net\/wp-content\/uploads\/aviator-logo.webp","width":300,"height":264,"caption":"Aviator Game"},"image":{"@id":"https:\/\/aviator-kz.net\/#\/schema\/logo\/image\/"}}]}},"_links":{"self":[{"href":"https:\/\/aviator-kz.net\/es\/wp-json\/wp\/v2\/pages\/9","targetHints":{"allow":["GET"]}}],"collection":[{"href":"https:\/\/aviator-kz.net\/es\/wp-json\/wp\/v2\/pages"}],"about":[{"href":"https:\/\/aviator-kz.net\/es\/wp-json\/wp\/v2\/types\/page"}],"author":[{"embeddable":true,"href":"https:\/\/aviator-kz.net\/es\/wp-json\/wp\/v2\/users\/1"}],"replies":[{"embeddable":true,"href":"https:\/\/aviator-kz.net\/es\/wp-json\/wp\/v2\/comments?post=9"}],"version-history":[{"count":17,"href":"https:\/\/aviator-kz.net\/es\/wp-json\/wp\/v2\/pages\/9\/revisions"}],"predecessor-version":[{"id":116,"href":"https:\/\/aviator-kz.net\/es\/wp-json\/wp\/v2\/pages\/9\/revisions\/116"}],"wp:attachment":[{"href":"https:\/\/aviator-kz.net\/es\/wp-json\/wp\/v2\/media?parent=9"}],"curies":[{"name":"wp","href":"https:\/\/api.w.org\/{rel}","templated":true}]}}