{"id":9,"date":"2024-04-23T21:11:11","date_gmt":"2024-04-23T18:11:11","guid":{"rendered":"https:\/\/aviator-kz.net\/?page_id=9"},"modified":"2026-04-14T17:54:00","modified_gmt":"2026-04-14T14:54:00","slug":"what-bonuses-does-the-casino-offer-for-playing-aviator","status":"publish","type":"page","link":"https:\/\/aviator-kz.net\/az\/what-bonuses-does-the-casino-offer-for-playing-aviator\/","title":{"rendered":"Aviator oyununu oynamaq \u00fc\u00e7\u00fcn kazino hans\u0131 bonuslar\u0131 t\u0259qdim edir?"},"content":{"rendered":"<h1>Aviator oyununda bonuslar<\/h1>\n<p>Kazino bonus sistemi v\u0259 Aviator birg\u0259 i\u015fl\u0259yir \u2014 lakin bu, h\u0259mi\u015f\u0259 ilk bax\u0131\u015fdan g\u00f6r\u00fcnd\u00fcy\u00fc kimi deyil. B\u0259zi bonuslar bankrollu real olaraq art\u0131r\u0131r v\u0259 oyunda \u0259lav\u0259 vaxt qazand\u0131r\u0131r, dig\u0259rl\u0259ri is\u0259 udu\u015fun \u00e7\u0131xar\u0131lmas\u0131n\u0131 \u00e7\u0259tinl\u0259\u015fdir\u0259n \u015f\u0259rtl\u0259r yarad\u0131r. Bonusu q\u0259bul etm\u0259zd\u0259n \u0259vv\u0259l f\u0259rql\u0259ri anlamaq vacibdir.<\/p>\n<hr>\n<style>\n    noindex {\n        width: 100%;\n        display: flex;\n        justify-content: center;\n        margin: 1em 0;\n    }\n    body noindex .rating_btn {\n        display: flex;\n        align-items: center;\n        justify-content: center;\n        padding: 12px 16px;\n        border-radius: 14px;\n        border: 1px solid rgb(255 255 255 \/ 12%);\n        background: linear-gradient(180deg, rgba(255, 255, 255, 0.1), rgba(255, 255, 255, 0.03)), #2f7dff;\n        color: white;\n        text-decoration: none;\n        font-weight: 800;\n        letter-spacing: 0.2px;\n        transition: 300ms;\n        box-shadow: 0 12px 26px rgba(47, 125, 255, 0.35);\n        cursor: pointer;\n        font-size: 18px;\n    }\n    .rating_btn:hover {\n        background: linear-gradient(180deg, rgba(255, 255, 255, 0.1), rgba(255, 255, 255, 0.03)), #2060cc;\n    }    \n    noindex br {\n        display: none;\n    }\n<\/style>\n<p><noindex><br \/>\n    <a class=\"rating_btn\" href=\"https:\/\/www.gotoplaynow.link\/c\/531f4d32b72f085e\" rel=\"nofollow\" target=\"_blank\" title=\"Bonusla oyna\"><br \/>\n        Bonusla oyna<br \/>\n    <\/a><br \/>\n<\/noindex><\/p>\n<h2>Aviator-da hans\u0131 bonuslar m\u00f6vcuddur<\/h2>\n<h3>Xo\u015f g\u0259ldin bonusu<\/h3>\n<p>Yeni oyun\u00e7ular \u00fc\u00e7\u00fcn standart t\u0259klif \u2014 ilk depozit bonusudur, ad\u0259t\u0259n doldurulan m\u0259bl\u0259\u011fin m\u00fc\u0259yy\u0259n faizi \u015f\u0259klind\u0259 olur. M\u0259s\u0259l\u0259n, ilk depozit\u0259 100% o dem\u0259kdir ki, hesaba qoyulan m\u0259bl\u0259\u011f ikiqat art\u0131r\u0131l\u0131r. Bonusun m\u0259bl\u0259\u011f\u0131 v\u0259 strukturu kazinodan as\u0131l\u0131 olaraq d\u0259yi\u015fir: b\u0259zi yerl\u0259rd\u0259 bu, ilk depozit \u00fc\u00e7\u00fcn bir b\u00f6y\u00fck bonus, b\u0259zi yerl\u0259rd\u0259 is\u0259 ilk bir ne\u00e7\u0259 doldurma \u00fc\u00e7\u00fcn bonuslar seriyas\u0131d\u0131r.<\/p>\n<p>\u018fsas m\u0259qam \u2014 veyjerdir (wager). Xo\u015f g\u0259ldin bonuslar\u0131n\u0131n \u0259ks\u0259riyy\u0259ti \u00e7\u0131xar\u0131\u015fdan \u0259vv\u0259l bonus m\u0259bl\u0259\u011finin x30\u2013x50 misli q\u0259d\u0259r m\u0259rc edilm\u0259sini (d\u00f6vriyy\u0259ni) t\u0259l\u0259b edir. Aviator oynayark\u0259n kura\u015f oyunlar\u0131n\u0131n veyjer\u0259 daxil edilib-edilm\u0259diyini v\u0259 hans\u0131 faizl\u0259 hesabland\u0131\u011f\u0131n\u0131 d\u0259qiql\u0259\u015fdirm\u0259k vacibdir \u2014 bir s\u0131ra kazinolarda onlar qism\u0259n hesablan\u0131r v\u0259 ya \u00fcmumiyy\u0259tl\u0259 hesablanm\u0131r.<\/p>\n<h3>Depozit bonusu<\/h3>\n<p>Depozit bonuslar\u0131 t\u0259kc\u0259 ilk doldurma zaman\u0131 deyil \u2014 bir \u00e7ox kazinolar onlar\u0131 m\u00fcnt\u0259z\u0259m olaraq t\u0259klif edir: ikinci v\u0259 \u00fc\u00e7\u00fcnc\u00fc depozit \u00fc\u00e7\u00fcn, aksiyalar \u00e7\u0259r\u00e7iv\u0259sind\u0259 v\u0259 ya f\u0259rdi t\u0259klifl\u0259r \u0259sas\u0131nda. Bir qayda olaraq, bu, m\u00fc\u0259yy\u0259n edilmi\u015f maksimum limitl\u0259 doldurma m\u0259bl\u0259\u011finin sabit faizidir. Bel\u0259 bonuslar oyun n\u00f6v\u00fcn\u0259 \u0259lav\u0259 \u015f\u0259rtl\u0259r qoymadan bankrollu art\u0131r\u0131r, bu da onlar\u0131 Aviator \u00fc\u00e7\u00fcn rahat edir.<\/p>\n<h3>Ke\u015fbek (Cashback)<\/h3>\n<p>Uduzulan v\u0259saitin bir faizinin geri qaytar\u0131lmas\u0131 \u2014 \u0259n \u015f\u0259ffaf bonuslardan biridir. Ke\u015fbek h\u0259ft\u0259nin v\u0259 ya ay\u0131n yekunlar\u0131na g\u00f6r\u0259 hesablan\u0131r v\u0259 ad\u0259t\u0259n d\u00f6vriyy\u0259 t\u0259l\u0259b etmir v\u0259 ya minimal t\u0259l\u0259bl\u0259r qoyur. Aviator-da m\u00fcnt\u0259z\u0259m m\u0259rc ed\u0259n oyun\u00e7ular \u00fc\u00e7\u00fcn ke\u015fbek proqram\u0131 y\u00fcks\u0259k veyjerli xo\u015f g\u0259ldin bonusundan daha s\u0259rf\u0259li ola bil\u0259r \u2014 \u00e7\u00fcnki o, m\u0259hdudiyy\u0259tli bonus v\u0259saitl\u0259rini deyil, real pulu geri qaytar\u0131r.<\/p>\n<style>\n    noindex {\n        width: 100%;\n        display: flex;\n        justify-content: center;\n        margin: 1em 0;\n    }\n    body noindex .rating_btn {\n        display: flex;\n        align-items: center;\n        justify-content: center;\n        padding: 12px 16px;\n        border-radius: 14px;\n        border: 1px solid rgb(255 255 255 \/ 12%);\n        background: linear-gradient(180deg, rgba(255, 255, 255, 0.1), rgba(255, 255, 255, 0.03)), #2f7dff;\n        color: white;\n        text-decoration: none;\n        font-weight: 800;\n        letter-spacing: 0.2px;\n        transition: 300ms;\n        box-shadow: 0 12px 26px rgba(47, 125, 255, 0.35);\n        cursor: pointer;\n        font-size: 18px;\n    }\n    .rating_btn:hover {\n        background: linear-gradient(180deg, rgba(255, 255, 255, 0.1), rgba(255, 255, 255, 0.03)), #2060cc;\n    }    \n    noindex br {\n        display: none;\n    }\n<\/style>\n<p><noindex><br \/>\n    <a class=\"rating_btn\" href=\"https:\/\/www.gotoplaynow.link\/c\/531f4d32b72f085e\" rel=\"nofollow\" target=\"_blank\" title=\"Bonusla oyna\"><br \/>\n        Bonusla oyna<br \/>\n    <\/a><br \/>\n<\/noindex><\/p>\n<h3>Frispinl\u0259r (Free Spins)<\/h3>\n<p>Pulsuz f\u0131rlatmalar slotlar \u00fc\u00e7\u00fcn n\u0259z\u0259rd\u0259 tutulub v\u0259 Aviator-a t\u0259tbiq edilmir \u2014 kura\u015f oyunlar\u0131nda f\u0131rlatma (spin) mexanikas\u0131 yoxdur. Buna baxmayaraq, kazinolar tez-tez xo\u015f g\u0259ldin paketin\u0259 frispinl\u0259ri d\u0259 daxil edirl\u0259r. \u018fg\u0259r siz yaln\u0131z Aviator oynay\u0131rs\u0131n\u0131zsa, bonusun bu hiss\u0259si sad\u0259c\u0259 istifad\u0259 olunmayacaq v\u0259 t\u0259klifl\u0259ri m\u00fcqayis\u0259 ed\u0259rk\u0259n bunu n\u0259z\u0259r\u0259 alma\u011fa d\u0259ym\u0259z.<\/p>\n<h3>Turnirl\u0259r v\u0259 aksiyalar<\/h3>\n<p>B\u0259zi kazinolar x\u00fcsusi olaraq kura\u015f oyunlar\u0131, o c\u00fcml\u0259d\u0259n Aviator \u00fc\u00e7\u00fcn turnirl\u0259r ke\u00e7irir. Format standartd\u0131r: m\u00fc\u0259yy\u0259n d\u00f6vr \u0259rzind\u0259 udu\u015flar\u0131n m\u0259bl\u0259\u011fi, raundlar\u0131n say\u0131 v\u0259 ya maksimum multiplikator \u00fczr\u0259 \u0259n yax\u015f\u0131 n\u0259tic\u0259ni g\u00f6st\u0259rm\u0259k laz\u0131md\u0131r. M\u00fckafat fondu \u0259n yax\u015f\u0131 oyun\u00e7ular aras\u0131nda b\u00f6l\u00fcn\u00fcr. Bel\u0259 turnirl\u0259r adi oyun strategiyas\u0131n\u0131 d\u0259yi\u015fm\u0259d\u0259n \u0259lav\u0259 udu\u015f qazanmaq \u015fans\u0131 verir.<\/p>\n<h3>Sadiqlik proqram\u0131 (Loyalty Program)<\/h3>\n<p>Arxa fonda i\u015fl\u0259y\u0259n uzunm\u00fcdd\u0259tli vasit\u0259: h\u0259r m\u0259rc \u00fc\u00e7\u00fcn xallar toplan\u0131r ki, bu xallar sonradan bonuslara, ke\u015fbek\u0259 v\u0259 ya imtiyazlara \u00e7evrilir. Proqramdak\u0131 s\u0259viyy\u0259 n\u0259 q\u0259d\u0259r y\u00fcks\u0259k olsa, \u015f\u0259rtl\u0259r bir o q\u0259d\u0259r yax\u015f\u0131 olur \u2014 f\u0259rdi bonuslar, s\u00fcr\u0259tli \u00e7\u0131xar\u0131\u015f, x\u00fcsusi d\u0259st\u0259k. Aviator-da \u00e7ox vaxt ke\u00e7ir\u0259n oyun\u00e7ular \u00fc\u00e7\u00fcn sadiqlik proqram\u0131 zamanla hiss olunan \u00fcst\u00fcnl\u00fcy\u0259 \u00e7evrilir.<\/p>\n<hr>\n<h2>Aviator-da bonuslardan nec\u0259 d\u00fczg\u00fcn istifad\u0259 etm\u0259li<\/h2>\n<h3>Bonusu q\u0259bul etm\u0259zd\u0259n \u0259vv\u0259l veyjeri hesablay\u0131n<\/h3>\n<p>x40 veyjerli 10,000 vahid bonus o dem\u0259kdir ki, \u00e7\u0131xar\u0131\u015fdan \u0259vv\u0259l 400,000 vahid m\u0259rc etm\u0259lisiniz. Aviator-da x1.5 avto-\u00e7\u0131xar\u0131\u015f v\u0259 h\u0259r raund \u00fc\u00e7\u00fcn 100 vahid m\u0259rc il\u0259 oynayark\u0259n bu, t\u0259xmin\u0259n 4,000 raund t\u0259l\u0259b ed\u0259c\u0259k. Bel\u0259 bir h\u0259cm\u0259 haz\u0131r olub-olmad\u0131\u011f\u0131n\u0131za v\u0259 ya \u00e7\u0131xar\u0131\u015f s\u0259rb\u0259stliyi olan bonussuz oyuna \u00fcst\u00fcnl\u00fck verdiyiniz\u0259 \u0259vv\u0259lc\u0259d\u0259n q\u0259rar verin.<\/p>\n<h3>Y\u00fcks\u0259k dispersiya zaman\u0131 ke\u015fbek daha s\u0259rf\u0259lidir<\/h3>\n<p>\u018fg\u0259r aqressiv oynay\u0131rs\u0131n\u0131zsa \u2014 x20 v\u0259 daha y\u00fcks\u0259k multiplikatorlar h\u0259d\u0259fl\u0259yirsinizs\u0259 \u2014 ke\u015fbek u\u011fursuz d\u00f6vrl\u0259rd\u0259 bankrollu d\u00f6vriyy\u0259 \u015f\u0259rti olmadan qoruyur. Bel\u0259 strategiyada xo\u015f g\u0259ldin bonusu t\u0259l\u0259 ola bil\u0259r: b\u00f6y\u00fck itki real hesabdan deyil, bonus hesab\u0131ndan \u00e7\u0131x\u0131l\u0131r v\u0259 d\u00f6vriyy\u0259 \u015f\u0259rtl\u0259ri h\u0259l\u0259 d\u0259 qal\u0131r.<\/p>\n<h3>Kura\u015f oyunlar\u0131n\u0131n veyjer\u0259 t\u00f6hf\u0259sini yoxlay\u0131n<\/h3>\n<p>Bu, \u0259n \u00e7ox diqq\u0259td\u0259n qa\u00e7an n\u00fcanslardan biridir. H\u0259r bir kazinonun qaydalar\u0131nda m\u00fcxt\u0259lif oyun n\u00f6vl\u0259rinin d\u00f6vriyy\u0259y\u0259 hans\u0131 faizl\u0259 daxil edildiyi qeyd olunur. Slotlar ad\u0259t\u0259n 100%, kura\u015f oyunlar\u0131 is\u0259 kazinodan as\u0131l\u0131 olaraq 10%-d\u0259n 100%-\u0259 q\u0259d\u0259r hesablan\u0131r. \u018fg\u0259r Aviator 20% hesablan\u0131rsa, bu o dem\u0259kdir ki, sizin \u00fc\u00e7\u00fcn real veyjer elan olunandan be\u015f d\u0259f\u0259 y\u00fcks\u0259kdir.<\/p>\n<h3>Bonusun etibarl\u0131l\u0131q m\u00fcdd\u0259tin\u0259 n\u0259zar\u0259t edin<\/h3>\n<p>Bonuslar\u0131n \u0259ks\u0259riyy\u0259tinin etibarl\u0131l\u0131q m\u00fcdd\u0259ti olur \u2014 7, 14 v\u0259 ya 30 g\u00fcn. \u018fg\u0259r bu m\u00fcdd\u0259t \u0259rzind\u0259 veyjer yerin\u0259 yetirilm\u0259s\u0259, bonus v\u0259 ondan \u0259ld\u0259 edil\u0259n udu\u015flar l\u0259\u011fv edilir. Yax\u0131n g\u0259l\u0259c\u0259kd\u0259 m\u00fcnt\u0259z\u0259m oynama\u011f\u0131 planla\u015fd\u0131rm\u0131rs\u0131n\u0131zsa, bonusu g\u00f6t\u00fcrm\u0259yin.<\/p>\n<style>\n    noindex {\n        width: 100%;\n        display: flex;\n        justify-content: center;\n        margin: 1em 0;\n    }\n    body noindex .rating_btn {\n        display: flex;\n        align-items: center;\n        justify-content: center;\n        padding: 12px 16px;\n        border-radius: 14px;\n        border: 1px solid rgb(255 255 255 \/ 12%);\n        background: linear-gradient(180deg, rgba(255, 255, 255, 0.1), rgba(255, 255, 255, 0.03)), #2f7dff;\n        color: white;\n        text-decoration: none;\n        font-weight: 800;\n        letter-spacing: 0.2px;\n        transition: 300ms;\n        box-shadow: 0 12px 26px rgba(47, 125, 255, 0.35);\n        cursor: pointer;\n        font-size: 18px;\n    }\n    .rating_btn:hover {\n        background: linear-gradient(180deg, rgba(255, 255, 255, 0.1), rgba(255, 255, 255, 0.03)), #2060cc;\n    }    \n    noindex br {\n        display: none;\n    }\n<\/style>\n<p><noindex><br \/>\n    <a class=\"rating_btn\" href=\"https:\/\/www.gotoplaynow.link\/c\/531f4d32b72f085e\" rel=\"nofollow\" target=\"_blank\" title=\"Bonusla oyna\"><br \/>\n        Bonusla oyna<br \/>\n    <\/a><br \/>\n<\/noindex><\/p>\n","protected":false},"excerpt":{"rendered":"<p>Aviator oyununda bonuslar Kazino bonus sistemi v\u0259 Aviator birg\u0259 i\u015fl\u0259yir \u2014 lakin bu, h\u0259mi\u015f\u0259 ilk bax\u0131\u015fdan g\u00f6r\u00fcnd\u00fcy\u00fc kimi deyil. B\u0259zi bonuslar bankrollu real olaraq art\u0131r\u0131r v\u0259 oyunda \u0259lav\u0259 vaxt qazand\u0131r\u0131r, dig\u0259rl\u0259ri is\u0259 udu\u015fun \u00e7\u0131xar\u0131lmas\u0131n\u0131 \u00e7\u0259tinl\u0259\u015fdir\u0259n \u015f\u0259rtl\u0259r yarad\u0131r. Bonusu q\u0259bul etm\u0259zd\u0259n \u0259vv\u0259l f\u0259rql\u0259ri anlamaq vacibdir. Bonusla oyna Aviator-da hans\u0131 bonuslar m\u00f6vcuddur Xo\u015f g\u0259ldin bonusu Yeni oyun\u00e7ular&hellip; <\/p>\n<div class=\"readmore-wrapper\"><a href=\"https:\/\/aviator-kz.net\/az\/what-bonuses-does-the-casino-offer-for-playing-aviator\/\" class=\"more-link\">Continue reading <\/a><\/div>\n","protected":false},"author":1,"featured_media":0,"parent":0,"menu_order":0,"comment_status":"closed","ping_status":"closed","template":"","meta":{"footnotes":""},"class_list":["post-9","page","type-page","status-publish","hentry"],"yoast_head":"<!-- This site is optimized with the Yoast SEO plugin v27.2 - https:\/\/yoast.com\/product\/yoast-seo-wordpress\/ -->\n<title>Onlayn kazinoda Aviator oyunu \u00fc\u00e7\u00fcn bonuslar<\/title>\n<meta name=\"description\" content=\"Onlayn kazinoda Aviator slotunu real pulla oynamaq \u00fc\u00e7\u00fcn bonuslar. Xo\u015f g\u0259lmisiniz bonusu, yeni oyun\u00e7ular \u00fc\u00e7\u00fcn bonus\" \/>\n<meta name=\"robots\" content=\"index, follow, max-snippet:-1, max-image-preview:large, max-video-preview:-1\" \/>\n<link rel=\"canonical\" href=\"https:\/\/aviator-kz.net\/az\/what-bonuses-does-the-casino-offer-for-playing-aviator\/\" \/>\n<meta property=\"og:locale\" content=\"az_AZ\" \/>\n<meta property=\"og:locale:alternate\" content=\"ru_RU\" \/>\n<meta property=\"og:locale:alternate\" content=\"en_US\" \/>\n<meta property=\"og:locale:alternate\" content=\"pt_PT\" \/>\n<meta property=\"og:locale:alternate\" content=\"es_ES\" \/>\n<meta property=\"og:locale:alternate\" content=\"de_DE\" \/>\n<meta property=\"og:locale:alternate\" content=\"it_IT\" \/>\n<meta property=\"og:locale:alternate\" content=\"kk\" \/>\n<meta property=\"og:locale:alternate\" content=\"uz_UZ\" \/>\n<meta property=\"og:locale:alternate\" content=\"ky-KG\" \/>\n<meta property=\"og:locale:alternate\" content=\"fr-FR\" \/>\n<meta property=\"og:type\" content=\"article\" \/>\n<meta property=\"og:title\" content=\"Onlayn kazinoda Aviator oyunu \u00fc\u00e7\u00fcn bonuslar\" \/>\n<meta property=\"og:description\" content=\"Onlayn kazinoda Aviator slotunu real pulla oynamaq \u00fc\u00e7\u00fcn bonuslar. Xo\u015f g\u0259lmisiniz bonusu, yeni oyun\u00e7ular \u00fc\u00e7\u00fcn bonus\" \/>\n<meta property=\"og:url\" content=\"https:\/\/aviator-kz.net\/az\/what-bonuses-does-the-casino-offer-for-playing-aviator\/\" \/>\n<meta property=\"og:site_name\" content=\"Aviator Game\" \/>\n<meta property=\"article:modified_time\" content=\"2026-04-14T14:54:00+00:00\" \/>\n<meta name=\"twitter:card\" content=\"summary_large_image\" \/>\n<meta name=\"twitter:label1\" content=\"Est. reading time\" \/>\n\t<meta name=\"twitter:data1\" content=\"5 minutes\" \/>\n<script type=\"application\/ld+json\" class=\"yoast-schema-graph\">{\"@context\":\"https:\/\/schema.org\",\"@graph\":[{\"@type\":\"WebPage\",\"@id\":\"https:\/\/aviator-kz.net\/fr\/what-bonuses-does-the-casino-offer-for-playing-aviator\/\",\"url\":\"https:\/\/aviator-kz.net\/fr\/what-bonuses-does-the-casino-offer-for-playing-aviator\/\",\"name\":\"Onlayn kazinoda Aviator oyunu \u00fc\u00e7\u00fcn bonuslar\",\"isPartOf\":{\"@id\":\"https:\/\/aviator-kz.net\/#website\"},\"datePublished\":\"2024-04-23T18:11:11+00:00\",\"dateModified\":\"2026-04-14T14:54:00+00:00\",\"description\":\"Onlayn kazinoda Aviator slotunu real pulla oynamaq \u00fc\u00e7\u00fcn bonuslar. Xo\u015f g\u0259lmisiniz bonusu, yeni oyun\u00e7ular \u00fc\u00e7\u00fcn bonus\",\"breadcrumb\":{\"@id\":\"https:\/\/aviator-kz.net\/fr\/what-bonuses-does-the-casino-offer-for-playing-aviator\/#breadcrumb\"},\"inLanguage\":\"az-AZ\",\"potentialAction\":[{\"@type\":\"ReadAction\",\"target\":[\"https:\/\/aviator-kz.net\/fr\/what-bonuses-does-the-casino-offer-for-playing-aviator\/\"]}]},{\"@type\":\"BreadcrumbList\",\"@id\":\"https:\/\/aviator-kz.net\/fr\/what-bonuses-does-the-casino-offer-for-playing-aviator\/#breadcrumb\",\"itemListElement\":[{\"@type\":\"ListItem\",\"position\":1,\"name\":\"\u0413\u043b\u0430\u0432\u043d\u0430\u044f \u0441\u0442\u0440\u0430\u043d\u0438\u0446\u0430\",\"item\":\"https:\/\/aviator-kz.net\/fr\/\"},{\"@type\":\"ListItem\",\"position\":2,\"name\":\"Quels bonus le casino propose-t-il pour jouer \u00e0 Aviator?\"}]},{\"@type\":\"WebSite\",\"@id\":\"https:\/\/aviator-kz.net\/#website\",\"url\":\"https:\/\/aviator-kz.net\/\",\"name\":\"Aviator Game\",\"description\":\"\",\"publisher\":{\"@id\":\"https:\/\/aviator-kz.net\/#organization\"},\"potentialAction\":[{\"@type\":\"SearchAction\",\"target\":{\"@type\":\"EntryPoint\",\"urlTemplate\":\"https:\/\/aviator-kz.net\/?s={search_term_string}\"},\"query-input\":{\"@type\":\"PropertyValueSpecification\",\"valueRequired\":true,\"valueName\":\"search_term_string\"}}],\"inLanguage\":\"az-AZ\"},{\"@type\":\"Organization\",\"@id\":\"https:\/\/aviator-kz.net\/#organization\",\"name\":\"Aviator Game\",\"url\":\"https:\/\/aviator-kz.net\/\",\"logo\":{\"@type\":\"ImageObject\",\"inLanguage\":\"az-AZ\",\"@id\":\"https:\/\/aviator-kz.net\/#\/schema\/logo\/image\/\",\"url\":\"https:\/\/aviator-kz.net\/wp-content\/uploads\/aviator-logo.webp\",\"contentUrl\":\"https:\/\/aviator-kz.net\/wp-content\/uploads\/aviator-logo.webp\",\"width\":300,\"height\":264,\"caption\":\"Aviator Game\"},\"image\":{\"@id\":\"https:\/\/aviator-kz.net\/#\/schema\/logo\/image\/\"}}]}<\/script>\n<!-- \/ Yoast SEO plugin. -->","yoast_head_json":{"title":"Onlayn kazinoda Aviator oyunu \u00fc\u00e7\u00fcn bonuslar","description":"Onlayn kazinoda Aviator slotunu real pulla oynamaq \u00fc\u00e7\u00fcn bonuslar. Xo\u015f g\u0259lmisiniz bonusu, yeni oyun\u00e7ular \u00fc\u00e7\u00fcn bonus","robots":{"index":"index","follow":"follow","max-snippet":"max-snippet:-1","max-image-preview":"max-image-preview:large","max-video-preview":"max-video-preview:-1"},"canonical":"https:\/\/aviator-kz.net\/az\/what-bonuses-does-the-casino-offer-for-playing-aviator\/","og_locale":"az_AZ","og_type":"article","og_title":"[:ru]\u0411\u043e\u043d\u0443\u0441\u044b \u0432 \u043e\u043d\u043b\u0430\u0439\u043d \u043a\u0430\u0437\u0438\u043d\u043e \u0434\u043b\u044f \u0438\u0433\u0440\u044b \u0432 \u0410\u0432\u0438\u0430\u0442\u043e\u0440[:en]Bonuses in online casinos for playing Aviator[:pt]B\u00f4nus em cassinos online para jogar Aviator[:es]Bonos en casinos en l\u00ednea para jugar Aviator[:de]Bonit\u00e4ten in Online-Casinos f\u00fcr das Spielen von Aviator[:it]Bonus nei casin\u00f2 online per giocare a Aviator[:kk]\u0410\u0432\u0438\u0430\u0442\u043e\u0440\u0434\u044b \u043e\u0439\u044b\u043d\u0434\u0430\u0440\u0493\u0430 \u049b\u0430\u0440\u0436\u044b\u043c\u0435\u043d \u043e\u0439\u043d\u0430\u0443 \u04af\u0448\u0456\u043d \u043e\u043d\u043b\u0430\u0439\u043d \u043a\u0430\u0437\u0438\u043d\u043e\u043b\u0430\u0440\u0434\u0430\u0493\u044b \u0431\u043e\u043d\u0443\u0441\u0442\u0430\u0440[:uz]Aviator uchun onlayn kazinolarda o'yinlar uchun bonuslar[:ky]Aviator \u043e\u044e\u043d\u0443\u043d \u043e\u0439\u043d\u043e\u043e \u04af\u0447\u04af\u043d \u043e\u043d\u043b\u0430\u0439\u043d \u043a\u0430\u0437\u0438\u043d\u043e\u0434\u043e\u0433\u0443 \u0431\u043e\u043d\u0443\u0441\u0442\u0430\u0440[:az]Onlayn kazinoda Aviator oyunu \u00fc\u00e7\u00fcn bonuslar[:fr]Bonus dans les casinos en ligne pour jouer \u00e0 Aviator[:]","og_description":"[:ru]\u0411\u043e\u043d\u0443\u0441\u044b \u0434\u043b\u044f \u0438\u0433\u0440\u044b \u0432 \u0441\u043b\u043e\u0442 \u0410\u0432\u0438\u0430\u0442\u043e\u0440 \u0434\u043b\u044f \u0438\u0433\u0440\u044b \u043d\u0430 \u0440\u0435\u0430\u043b\u044c\u043d\u044b\u0435 \u0434\u0435\u043d\u044c\u0433\u0438 \u0432 \u043e\u043d\u043b\u0430\u0439\u043d \u043a\u0430\u0437\u0438\u043d\u043e. \u041f\u0440\u0438\u0432\u0435\u0442\u0441\u0442\u0432\u0435\u043d\u043d\u044b\u0439 \u0431\u043e\u043d\u0443\u0441, \u0431\u043e\u043d\u0443\u0441 \u0434\u043b\u044f \u043d\u043e\u0432\u044b\u0445 \u0438\u0433\u0440\u043e\u043a\u043e\u0432[:en]Bonuses for playing the Aviator slot for real money in online casinos. Welcome bonus, bonus for new players, game bonus[:pt]B\u00f4nus para jogar o slot Aviator com dinheiro real em cassinos online. B\u00f4nus de boas-vindas, b\u00f4nus para novos jogadores[:es]Bonos para jugar al tragamonedas Aviator con dinero real en casinos en l\u00ednea. Bono de bienvenida, bono para nuevos jugadores[:de]Bonit\u00e4ten f\u00fcr das Spielen des Aviator-Slots um echtes Geld in Online-Casinos. Willkommensbonus, Bonus f\u00fcr neue Spieler[:it]Bonus per giocare alla slot Aviator con soldi veri nei casin\u00f2 online. Bonus di benvenuto, bonus per nuovi giocatori[:kk]\u041e\u043d\u043b\u0430\u0439\u043d \u043a\u0430\u0437\u0438\u043d\u043e\u043b\u0430\u0440\u0434\u0430 Aviator \u0441\u043b\u043e\u0442\u044b\u043d\u0430 \u049b\u0430\u0440\u0436\u044b\u043c\u0435\u043d \u043e\u0439\u043d\u0430\u0443 \u04af\u0448\u0456\u043d \u0431\u043e\u043d\u0443\u0441\u0442\u0430\u0440. \u049a\u043e\u0448 \u043a\u0435\u043b\u0434\u0456\u04a3\u0456\u0437 \u0431\u043e\u043d\u0443\u0441\u044b, \u0436\u0430\u04a3\u0430 \u043e\u0439\u044b\u043d\u0448\u044b\u043b\u0430\u0440 \u04af\u0448\u0456\u043d \u0431\u043e\u043d\u0443\u0441[:uz]Onlayn kazinolarda Aviator sloti uchun haqiqiy pul bilan o'ynash uchun bonuslar. Salomlashuv bonusi, yangi o'yinchilar uchun bonus[:ky]\u041e\u043d\u043b\u0430\u0439\u043d \u043a\u0430\u0437\u0438\u043d\u043e\u0434\u043e Aviator \u0441\u043b\u043e\u0442\u0443\u043d \u0447\u044b\u043d\u044b\u0433\u044b \u0430\u043a\u0447\u0430\u0433\u0430 \u043e\u0439\u043d\u043e\u043e \u04af\u0447\u04af\u043d \u0431\u043e\u043d\u0443\u0441\u0442\u0430\u0440. \u0421\u0430\u043b\u0430\u043c\u0434\u0430\u0448\u0443\u0443 \u0431\u043e\u043d\u0443\u0441\u0443, \u0436\u0430\u04a3\u044b \u043e\u044e\u043d\u0447\u0443\u043b\u0430\u0440 \u04af\u0447\u04af\u043d \u0431\u043e\u043d\u0443\u0441[:az]Onlayn kazinoda Aviator slotunu real pulla oynamaq \u00fc\u00e7\u00fcn bonuslar. Xo\u015f g\u0259lmisiniz bonusu, yeni oyun\u00e7ular \u00fc\u00e7\u00fcn bonus[:fr]Bonus pour jouer \u00e0 la machine \u00e0 sous Aviator avec de l\u2019argent r\u00e9el dans un casino en ligne. Bonus de bienvenue, bonus pour les nouveaux joueurs[:]","og_url":"https:\/\/aviator-kz.net\/az\/what-bonuses-does-the-casino-offer-for-playing-aviator\/","og_site_name":"Aviator Game","article_modified_time":"2026-04-14T14:54:00+00:00","twitter_card":"summary_large_image","twitter_misc":{"Est. reading time":"5 minutes"},"schema":{"@context":"https:\/\/schema.org","@graph":[{"@type":"WebPage","@id":"https:\/\/aviator-kz.net\/fr\/what-bonuses-does-the-casino-offer-for-playing-aviator\/","url":"https:\/\/aviator-kz.net\/fr\/what-bonuses-does-the-casino-offer-for-playing-aviator\/","name":"Onlayn kazinoda Aviator oyunu \u00fc\u00e7\u00fcn bonuslar","isPartOf":{"@id":"https:\/\/aviator-kz.net\/#website"},"datePublished":"2024-04-23T18:11:11+00:00","dateModified":"2026-04-14T14:54:00+00:00","description":"Onlayn kazinoda Aviator slotunu real pulla oynamaq \u00fc\u00e7\u00fcn bonuslar. Xo\u015f g\u0259lmisiniz bonusu, yeni oyun\u00e7ular \u00fc\u00e7\u00fcn bonus","breadcrumb":{"@id":"https:\/\/aviator-kz.net\/fr\/what-bonuses-does-the-casino-offer-for-playing-aviator\/#breadcrumb"},"inLanguage":"az-AZ","potentialAction":[{"@type":"ReadAction","target":["https:\/\/aviator-kz.net\/fr\/what-bonuses-does-the-casino-offer-for-playing-aviator\/"]}]},{"@type":"BreadcrumbList","@id":"https:\/\/aviator-kz.net\/fr\/what-bonuses-does-the-casino-offer-for-playing-aviator\/#breadcrumb","itemListElement":[{"@type":"ListItem","position":1,"name":"\u0413\u043b\u0430\u0432\u043d\u0430\u044f \u0441\u0442\u0440\u0430\u043d\u0438\u0446\u0430","item":"https:\/\/aviator-kz.net\/fr\/"},{"@type":"ListItem","position":2,"name":"Quels bonus le casino propose-t-il pour jouer \u00e0 Aviator?"}]},{"@type":"WebSite","@id":"https:\/\/aviator-kz.net\/#website","url":"https:\/\/aviator-kz.net\/","name":"Aviator Game","description":"","publisher":{"@id":"https:\/\/aviator-kz.net\/#organization"},"potentialAction":[{"@type":"SearchAction","target":{"@type":"EntryPoint","urlTemplate":"https:\/\/aviator-kz.net\/?s={search_term_string}"},"query-input":{"@type":"PropertyValueSpecification","valueRequired":true,"valueName":"search_term_string"}}],"inLanguage":"az-AZ"},{"@type":"Organization","@id":"https:\/\/aviator-kz.net\/#organization","name":"Aviator Game","url":"https:\/\/aviator-kz.net\/","logo":{"@type":"ImageObject","inLanguage":"az-AZ","@id":"https:\/\/aviator-kz.net\/#\/schema\/logo\/image\/","url":"https:\/\/aviator-kz.net\/wp-content\/uploads\/aviator-logo.webp","contentUrl":"https:\/\/aviator-kz.net\/wp-content\/uploads\/aviator-logo.webp","width":300,"height":264,"caption":"Aviator Game"},"image":{"@id":"https:\/\/aviator-kz.net\/#\/schema\/logo\/image\/"}}]}},"_links":{"self":[{"href":"https:\/\/aviator-kz.net\/az\/wp-json\/wp\/v2\/pages\/9","targetHints":{"allow":["GET"]}}],"collection":[{"href":"https:\/\/aviator-kz.net\/az\/wp-json\/wp\/v2\/pages"}],"about":[{"href":"https:\/\/aviator-kz.net\/az\/wp-json\/wp\/v2\/types\/page"}],"author":[{"embeddable":true,"href":"https:\/\/aviator-kz.net\/az\/wp-json\/wp\/v2\/users\/1"}],"replies":[{"embeddable":true,"href":"https:\/\/aviator-kz.net\/az\/wp-json\/wp\/v2\/comments?post=9"}],"version-history":[{"count":35,"href":"https:\/\/aviator-kz.net\/az\/wp-json\/wp\/v2\/pages\/9\/revisions"}],"predecessor-version":[{"id":162,"href":"https:\/\/aviator-kz.net\/az\/wp-json\/wp\/v2\/pages\/9\/revisions\/162"}],"wp:attachment":[{"href":"https:\/\/aviator-kz.net\/az\/wp-json\/wp\/v2\/media?parent=9"}],"curies":[{"name":"wp","href":"https:\/\/api.w.org\/{rel}","templated":true}]}}